{"id":2595,"date":"2018-12-13T09:44:53","date_gmt":"2018-12-13T06:44:53","guid":{"rendered":"https:\/\/neolife.com.tr\/%d8%a7%d9%84%d8%af%d8%b9%d9%85-%d8%a7%d9%84%d9%84%d9%88%d8%ac%d8%b3%d8%aa%d9%8a\/"},"modified":"2023-04-25T03:57:52","modified_gmt":"2023-04-25T00:57:52","slug":"%d8%a7%d9%84%d8%af%d8%b9%d9%85-%d8%a7%d9%84%d9%84%d9%88%d8%ac%d8%b3%d8%aa%d9%8a","status":"publish","type":"page","link":"https:\/\/www.neolife.com.tr\/ar\/%d8%a7%d9%84%d8%af%d8%b9%d9%85-%d8%a7%d9%84%d9%84%d9%88%d8%ac%d8%b3%d8%aa%d9%8a\/","title":{"rendered":"\u0627\u0644\u062f\u0639\u0645 \u0627\u0644\u0644\u0648\u062c\u0633\u062a\u064a"},"content":{"rendered":"<p style=\"text-align: right;\">\u062a\u0648\u0641\u0631 \u0646\u064a\u0648\u0644\u0627\u064a\u0641 \u0623\u0641\u0636\u0644 \u0627\u0644\u062e\u062f\u0645\u0629 \u0648\u0627\u0644\u0639\u0644\u0627\u062c \u0644\u0644\u0645\u0631\u0636\u0649 \u0627\u0644\u062f\u0648\u0644\u064a\u064a\u0646 \u0627\u0644\u0631\u0627\u063a\u0628\u064a\u0646 \u0628\u0627\u0644\u062d\u0635\u0648\u0644 \u0639\u0644\u0649 \u0627\u0644\u0639\u0646\u0627\u064a\u0629 \u0627\u0644\u0637\u0628\u064a\u0629 \u0641\u064a \u062a\u0631\u0643\u064a\u0627.<\/p>\n<p style=\"text-align: right;\">\u064a\u062a\u0623\u0644\u0641 \u0642\u0633\u0645 \u0627\u0644\u0639\u0644\u0627\u0642\u0627\u062a \u0627\u0644\u062f\u0648\u0644\u064a\u0629 \u0645\u0646 13 \u0645\u0648\u0638\u0641\u0627 \u0648 5 \u0645\u0643\u0627\u062a\u0628 \u0627\u062a\u0635\u0627\u0644\u060c \u0648\u064a\u0642\u062f\u0645 \u0644\u0644\u0645\u0631\u0636\u0649 \u0627\u0644\u062f\u0648\u0644\u064a\u064a\u0646 \u0623\u0631\u0642\u0649 \u0627\u0644\u062e\u062f\u0645\u0627\u062a \u0627\u0644\u0645\u0645\u0643\u0646\u0629 \u0645\u0646\u0630 \u0643\u0627\u0646\u0648\u0646 \u0627\u0644\u0623\u0648\u06442010 .<\/p>\n<p style=\"text-align: right;\">\u0625\u0646 \u0647\u062f\u0641\u0646\u0627 \u0647\u0648 \u062c\u0639\u0644 \u0627\u0644\u0645\u0631\u0636\u0649 \u0627\u0644\u062f\u0648\u0644\u064a\u064a\u0646 \u064a\u0634\u0639\u0631\u0648\u0646 \u0648\u0643\u0623\u0646\u0647\u0645 \u0641\u064a \u0648\u0637\u0646\u0647\u0645 \u0648\u062a\u0642\u062f\u064a\u0645 \u0627\u0644\u0639\u0644\u0627\u062c \u0644\u0647\u0645 \u0628\u0623\u0641\u0636\u0644 \u0627\u0644\u0623\u0633\u0627\u0644\u064a\u0628.<\/p>\n<p style=\"text-align: right;\">\u0627\u0644\u062e\u062f\u0645\u0627\u062a \u0627\u0644\u062a\u064a \u064a\u0648\u0641\u0631\u0647\u0627 \u0641\u0631\u064a\u0642 \u0627\u0644\u0639\u0644\u0627\u0642\u0627\u062a \u0627\u0644\u062f\u0648\u0644\u064a\u0629:<\/p>\n<ul>\n<li style=\"text-align: right;\">\u062c\u062f\u0648\u0644\u0629 \u0627\u0644\u0645\u0648\u0627\u0639\u064a\u062f\u060c \u0648\u0627\u0644\u062a\u064a \u0645\u0646 \u0636\u0645\u0646\u0647\u0627 \u0641\u062d\u0648\u0635\u0627\u062a \u0645\u0627 \u0642\u0628\u0644 \u0648\u0645\u0627 \u0628\u0639\u062f \u0627\u0644\u0639\u0644\u0627\u062c.<\/li>\n<li style=\"text-align: right;\">\u0627\u0644\u0645\u0633\u0627\u0639\u062f\u0629 \u0641\u064a \u0627\u064a\u062c\u0627\u062f \u0633\u0643\u0646 \u0645\u0646\u0627\u0633\u0628.<\/li>\n<li style=\"text-align: right;\">\u062e\u062f\u0645\u0627\u062a \u0627\u0644\u062a\u0631\u062c\u0645\u0629 \u0644\u0623\u0643\u062b\u0631 \u0645\u0646 8 \u0644\u063a\u0627\u062a<\/li>\n<li style=\"text-align: right;\">\u062f\u0639\u0645 7\/24<\/li>\n<\/ul>\n<p>&nbsp;<br \/>\n&nbsp;<br \/>\n&nbsp;<br \/>\n&nbsp;<br \/>\n&nbsp;<\/p>\n","protected":false},"excerpt":{"rendered":"<p>\u062a\u0648\u0641\u0631 \u0646\u064a\u0648\u0644\u0627\u064a\u0641 \u0623\u0641\u0636\u0644 \u0627\u0644\u062e\u062f\u0645\u0629 \u0648\u0627\u0644\u0639\u0644\u0627\u062c \u0644\u0644\u0645\u0631\u0636\u0649 \u0627\u0644\u062f\u0648\u0644\u064a\u064a\u0646 \u0627\u0644\u0631\u0627\u063a\u0628\u064a\u0646 \u0628\u0627\u0644\u062d\u0635\u0648\u0644 \u0639\u0644\u0649 \u0627\u0644\u0639\u0646\u0627\u064a\u0629 \u0627\u0644\u0637\u0628\u064a\u0629 \u0641\u064a \u062a\u0631\u0643\u064a\u0627. \u064a\u062a\u0623\u0644\u0641 \u0642\u0633\u0645 \u0627\u0644\u0639\u0644\u0627\u0642\u0627\u062a \u0627\u0644\u062f\u0648\u0644\u064a\u0629 \u0645\u0646 13 \u0645\u0648\u0638\u0641\u0627 \u0648 5 \u0645\u0643\u0627\u062a\u0628 \u0627\u062a\u0635\u0627\u0644\u060c \u0648\u064a\u0642\u062f\u0645 \u0644\u0644\u0645\u0631\u0636\u0649 \u0627\u0644\u062f\u0648\u0644\u064a\u064a\u0646 \u0623\u0631\u0642\u0649 \u0627\u0644\u062e\u062f\u0645\u0627\u062a \u0627\u0644\u0645\u0645\u0643\u0646\u0629 \u0645\u0646\u0630 \u0643\u0627\u0646\u0648\u0646 \u0627\u0644\u0623\u0648\u06442010 . \u0625\u0646 \u0647\u062f\u0641\u0646\u0627 \u0647\u0648 \u062c\u0639\u0644 \u0627\u0644\u0645\u0631\u0636\u0649 \u0627\u0644\u062f\u0648\u0644\u064a\u064a\u0646 \u064a\u0634\u0639\u0631\u0648\u0646 \u0648\u0643\u0623\u0646\u0647\u0645 \u0641\u064a \u0648\u0637\u0646\u0647\u0645 \u0648\u062a\u0642\u062f\u064a\u0645 \u0627\u0644\u0639\u0644\u0627\u062c \u0644\u0647\u0645 \u0628\u0623\u0641\u0636\u0644 \u0627\u0644\u0623\u0633\u0627\u0644\u064a\u0628. \u0627\u0644\u062e\u062f\u0645\u0627\u062a \u0627\u0644\u062a\u064a \u064a\u0648\u0641\u0631\u0647\u0627 \u0641\u0631\u064a\u0642 \u0627\u0644\u0639\u0644\u0627\u0642\u0627\u062a [&hellip;]<\/p>\n","protected":false},"author":3,"featured_media":0,"parent":0,"menu_order":0,"comment_status":"open","ping_status":"open","template":"","meta":{"footnotes":""},"class_list":["post-2595","page","type-page","status-publish","hentry"],"yoast_head":"<!-- This site is optimized with the Yoast SEO plugin v22.5 - https:\/\/yoast.com\/wordpress\/plugins\/seo\/ -->\n<title>\u062a\u0648\u0641\u0631 \u0646\u064a\u0648\u0644\u0627\u064a\u0641 \u0623\u0641\u0636\u0644 \u0627\u0644\u062e\u062f\u0645\u0629 \u0648\u0627\u0644\u0639\u0644\u0627\u062c \u0644\u0644\u0645\u0631\u0636\u0649 \u0627\u0644\u062f\u0648\u0644\u064a\u064a\u0646 \u0627\u0644\u0631\u0627\u063a\u0628\u064a\u0646 \u0628\u0627\u0644\u062d\u0635\u0648\u0644 \u0639\u0644\u0649 \u0627\u0644\u0639\u0646\u0627\u064a\u0629 \u0627\u0644\u0637\u0628\u064a\u0629 \u0641\u064a \u062a\u0631\u0643\u064a\u0627.<\/title>\n<meta name=\"description\" content=\"\u064a\u062a\u0623\u0644\u0641 \u0642\u0633\u0645 \u0627\u0644\u0639\u0644\u0627\u0642\u0627\u062a \u0627\u0644\u062f\u0648\u0644\u064a\u0629 \u0645\u0646 13 \u0645\u0648\u0638\u0641\u0627 \u0648 5 \u0645\u0643\u0627\u062a\u0628 \u0627\u062a\u0635\u0627\u0644\u060c \u0648\u064a\u0642\u062f\u0645 \u0644\u0644\u0645\u0631\u0636\u0649 \u0627\u0644\u062f\u0648\u0644\u064a\u064a\u0646 \u0623\u0631\u0642\u0649 \u0627\u0644\u062e\u062f\u0645\u0627\u062a \u0645\u0646\u0630 \u0643\u0627\u0646\u0648\u0646 \u0627\u0644\u0623\u0648\u06442010 . \u064a\u062a\u062d\u062f\u062b \u0642\u0633\u0645 \u0627\u0644\u0645\u0631\u0636\u0649 \u0627\u0644\u062f\u0648\u0644\u064a\u064a\u0646 \u0623\u0643\u062b\u0631 \u0645\u0646 8 \u0644\u063a\u0627\u062a\" \/>\n<meta name=\"robots\" content=\"index, follow, max-snippet:-1, max-image-preview:large, max-video-preview:-1\" \/>\n<link rel=\"canonical\" href=\"https:\/\/www.neolife.com.tr\/ar\/%d8%a7%d9%84%d8%af%d8%b9%d9%85-%d8%a7%d9%84%d9%84%d9%88%d8%ac%d8%b3%d8%aa%d9%8a\/\" \/>\n<meta name=\"twitter:label1\" content=\"\u0648\u0642\u062a \u0627\u0644\u0642\u0631\u0627\u0621\u0629 \u0627\u0644\u0645\u064f\u0642\u062f\u0651\u0631\" \/>\n\t<meta name=\"twitter:data1\" content=\"\u062f\u0642\u064a\u0642\u062a\u0627\u0646\" \/>\n<script type=\"application\/ld+json\" class=\"yoast-schema-graph\">{\"@context\":\"https:\/\/schema.org\",\"@graph\":[{\"@type\":\"WebPage\",\"@id\":\"https:\/\/www.neolife.com.tr\/ar\/%d8%a7%d9%84%d8%af%d8%b9%d9%85-%d8%a7%d9%84%d9%84%d9%88%d8%ac%d8%b3%d8%aa%d9%8a\/\",\"url\":\"https:\/\/www.neolife.com.tr\/ar\/%d8%a7%d9%84%d8%af%d8%b9%d9%85-%d8%a7%d9%84%d9%84%d9%88%d8%ac%d8%b3%d8%aa%d9%8a\/\",\"name\":\"\u062a\u0648\u0641\u0631 \u0646\u064a\u0648\u0644\u0627\u064a\u0641 \u0623\u0641\u0636\u0644 \u0627\u0644\u062e\u062f\u0645\u0629 \u0648\u0627\u0644\u0639\u0644\u0627\u062c \u0644\u0644\u0645\u0631\u0636\u0649 \u0627\u0644\u062f\u0648\u0644\u064a\u064a\u0646 \u0627\u0644\u0631\u0627\u063a\u0628\u064a\u0646 \u0628\u0627\u0644\u062d\u0635\u0648\u0644 \u0639\u0644\u0649 \u0627\u0644\u0639\u0646\u0627\u064a\u0629 \u0627\u0644\u0637\u0628\u064a\u0629 \u0641\u064a \u062a\u0631\u0643\u064a\u0627.\",\"isPartOf\":{\"@id\":\"https:\/\/www.neolife.com.tr\/#website\"},\"datePublished\":\"2018-12-13T06:44:53+00:00\",\"dateModified\":\"2023-04-25T00:57:52+00:00\",\"description\":\"\u064a\u062a\u0623\u0644\u0641 \u0642\u0633\u0645 \u0627\u0644\u0639\u0644\u0627\u0642\u0627\u062a \u0627\u0644\u062f\u0648\u0644\u064a\u0629 \u0645\u0646 13 \u0645\u0648\u0638\u0641\u0627 \u0648 5 \u0645\u0643\u0627\u062a\u0628 \u0627\u062a\u0635\u0627\u0644\u060c \u0648\u064a\u0642\u062f\u0645 \u0644\u0644\u0645\u0631\u0636\u0649 \u0627\u0644\u062f\u0648\u0644\u064a\u064a\u0646 \u0623\u0631\u0642\u0649 \u0627\u0644\u062e\u062f\u0645\u0627\u062a \u0645\u0646\u0630 \u0643\u0627\u0646\u0648\u0646 \u0627\u0644\u0623\u0648\u06442010 . \u064a\u062a\u062d\u062f\u062b \u0642\u0633\u0645 \u0627\u0644\u0645\u0631\u0636\u0649 \u0627\u0644\u062f\u0648\u0644\u064a\u064a\u0646 \u0623\u0643\u062b\u0631 \u0645\u0646 8 \u0644\u063a\u0627\u062a\",\"breadcrumb\":{\"@id\":\"https:\/\/www.neolife.com.tr\/ar\/%d8%a7%d9%84%d8%af%d8%b9%d9%85-%d8%a7%d9%84%d9%84%d9%88%d8%ac%d8%b3%d8%aa%d9%8a\/#breadcrumb\"},\"inLanguage\":\"ar\",\"potentialAction\":[{\"@type\":\"ReadAction\",\"target\":[\"https:\/\/www.neolife.com.tr\/ar\/%d8%a7%d9%84%d8%af%d8%b9%d9%85-%d8%a7%d9%84%d9%84%d9%88%d8%ac%d8%b3%d8%aa%d9%8a\/\"]}]},{\"@type\":\"BreadcrumbList\",\"@id\":\"https:\/\/www.neolife.com.tr\/ar\/%d8%a7%d9%84%d8%af%d8%b9%d9%85-%d8%a7%d9%84%d9%84%d9%88%d8%ac%d8%b3%d8%aa%d9%8a\/#breadcrumb\",\"itemListElement\":[{\"@type\":\"ListItem\",\"position\":1,\"name\":\"Ana Sayfa\",\"item\":\"https:\/\/www.neolife.com.tr\/ar\/\"},{\"@type\":\"ListItem\",\"position\":2,\"name\":\"\u0627\u0644\u062f\u0639\u0645 \u0627\u0644\u0644\u0648\u062c\u0633\u062a\u064a\"}]},{\"@type\":\"WebSite\",\"@id\":\"https:\/\/www.neolife.com.tr\/#website\",\"url\":\"https:\/\/www.neolife.com.tr\/\",\"name\":\"Neolife T\u0131p Merkezi\",\"description\":\"T\u00fcrkiye&#039;de kanser tedavisi - kanser te\u015fhisi ve tedavisi\",\"publisher\":{\"@id\":\"https:\/\/www.neolife.com.tr\/#organization\"},\"potentialAction\":[{\"@type\":\"SearchAction\",\"target\":{\"@type\":\"EntryPoint\",\"urlTemplate\":\"https:\/\/www.neolife.com.tr\/?s={search_term_string}\"},\"query-input\":\"required name=search_term_string\"}],\"inLanguage\":\"ar\"},{\"@type\":\"Organization\",\"@id\":\"https:\/\/www.neolife.com.tr\/#organization\",\"name\":\"Neolife T\u0131p Merkezi\",\"url\":\"https:\/\/www.neolife.com.tr\/\",\"logo\":{\"@type\":\"ImageObject\",\"inLanguage\":\"ar\",\"@id\":\"https:\/\/www.neolife.com.tr\/#\/schema\/logo\/image\/\",\"url\":\"https:\/\/www.neolife.com.tr\/wp-content\/uploads\/2021\/06\/Neolife-Logo.png\",\"contentUrl\":\"https:\/\/www.neolife.com.tr\/wp-content\/uploads\/2021\/06\/Neolife-Logo.png\",\"width\":348,\"height\":92,\"caption\":\"Neolife T\u0131p Merkezi\"},\"image\":{\"@id\":\"https:\/\/www.neolife.com.tr\/#\/schema\/logo\/image\/\"},\"sameAs\":[\"https:\/\/www.facebook.com\/NeoLifeIstanbul\/\",\"https:\/\/x.com\/NeoLifeIstanbul\",\"https:\/\/www.linkedin.com\/company\/neolife-oncology-center\/?originalSubdomain=tr\"]}]}<\/script>\n<!-- \/ Yoast SEO plugin. -->","yoast_head_json":{"title":"\u062a\u0648\u0641\u0631 \u0646\u064a\u0648\u0644\u0627\u064a\u0641 \u0623\u0641\u0636\u0644 \u0627\u0644\u062e\u062f\u0645\u0629 \u0648\u0627\u0644\u0639\u0644\u0627\u062c \u0644\u0644\u0645\u0631\u0636\u0649 \u0627\u0644\u062f\u0648\u0644\u064a\u064a\u0646 \u0627\u0644\u0631\u0627\u063a\u0628\u064a\u0646 \u0628\u0627\u0644\u062d\u0635\u0648\u0644 \u0639\u0644\u0649 \u0627\u0644\u0639\u0646\u0627\u064a\u0629 \u0627\u0644\u0637\u0628\u064a\u0629 \u0641\u064a \u062a\u0631\u0643\u064a\u0627.","description":"\u064a\u062a\u0623\u0644\u0641 \u0642\u0633\u0645 \u0627\u0644\u0639\u0644\u0627\u0642\u0627\u062a \u0627\u0644\u062f\u0648\u0644\u064a\u0629 \u0645\u0646 13 \u0645\u0648\u0638\u0641\u0627 \u0648 5 \u0645\u0643\u0627\u062a\u0628 \u0627\u062a\u0635\u0627\u0644\u060c \u0648\u064a\u0642\u062f\u0645 \u0644\u0644\u0645\u0631\u0636\u0649 \u0627\u0644\u062f\u0648\u0644\u064a\u064a\u0646 \u0623\u0631\u0642\u0649 \u0627\u0644\u062e\u062f\u0645\u0627\u062a \u0645\u0646\u0630 \u0643\u0627\u0646\u0648\u0646 \u0627\u0644\u0623\u0648\u06442010 . \u064a\u062a\u062d\u062f\u062b \u0642\u0633\u0645 \u0627\u0644\u0645\u0631\u0636\u0649 \u0627\u0644\u062f\u0648\u0644\u064a\u064a\u0646 \u0623\u0643\u062b\u0631 \u0645\u0646 8 \u0644\u063a\u0627\u062a","robots":{"index":"index","follow":"follow","max-snippet":"max-snippet:-1","max-image-preview":"max-image-preview:large","max-video-preview":"max-video-preview:-1"},"canonical":"https:\/\/www.neolife.com.tr\/ar\/%d8%a7%d9%84%d8%af%d8%b9%d9%85-%d8%a7%d9%84%d9%84%d9%88%d8%ac%d8%b3%d8%aa%d9%8a\/","twitter_misc":{"\u0648\u0642\u062a \u0627\u0644\u0642\u0631\u0627\u0621\u0629 \u0627\u0644\u0645\u064f\u0642\u062f\u0651\u0631":"\u062f\u0642\u064a\u0642\u062a\u0627\u0646"},"schema":{"@context":"https:\/\/schema.org","@graph":[{"@type":"WebPage","@id":"https:\/\/www.neolife.com.tr\/ar\/%d8%a7%d9%84%d8%af%d8%b9%d9%85-%d8%a7%d9%84%d9%84%d9%88%d8%ac%d8%b3%d8%aa%d9%8a\/","url":"https:\/\/www.neolife.com.tr\/ar\/%d8%a7%d9%84%d8%af%d8%b9%d9%85-%d8%a7%d9%84%d9%84%d9%88%d8%ac%d8%b3%d8%aa%d9%8a\/","name":"\u062a\u0648\u0641\u0631 \u0646\u064a\u0648\u0644\u0627\u064a\u0641 \u0623\u0641\u0636\u0644 \u0627\u0644\u062e\u062f\u0645\u0629 \u0648\u0627\u0644\u0639\u0644\u0627\u062c \u0644\u0644\u0645\u0631\u0636\u0649 \u0627\u0644\u062f\u0648\u0644\u064a\u064a\u0646 \u0627\u0644\u0631\u0627\u063a\u0628\u064a\u0646 \u0628\u0627\u0644\u062d\u0635\u0648\u0644 \u0639\u0644\u0649 \u0627\u0644\u0639\u0646\u0627\u064a\u0629 \u0627\u0644\u0637\u0628\u064a\u0629 \u0641\u064a \u062a\u0631\u0643\u064a\u0627.","isPartOf":{"@id":"https:\/\/www.neolife.com.tr\/#website"},"datePublished":"2018-12-13T06:44:53+00:00","dateModified":"2023-04-25T00:57:52+00:00","description":"\u064a\u062a\u0623\u0644\u0641 \u0642\u0633\u0645 \u0627\u0644\u0639\u0644\u0627\u0642\u0627\u062a \u0627\u0644\u062f\u0648\u0644\u064a\u0629 \u0645\u0646 13 \u0645\u0648\u0638\u0641\u0627 \u0648 5 \u0645\u0643\u0627\u062a\u0628 \u0627\u062a\u0635\u0627\u0644\u060c \u0648\u064a\u0642\u062f\u0645 \u0644\u0644\u0645\u0631\u0636\u0649 \u0627\u0644\u062f\u0648\u0644\u064a\u064a\u0646 \u0623\u0631\u0642\u0649 \u0627\u0644\u062e\u062f\u0645\u0627\u062a \u0645\u0646\u0630 \u0643\u0627\u0646\u0648\u0646 \u0627\u0644\u0623\u0648\u06442010 . \u064a\u062a\u062d\u062f\u062b \u0642\u0633\u0645 \u0627\u0644\u0645\u0631\u0636\u0649 \u0627\u0644\u062f\u0648\u0644\u064a\u064a\u0646 \u0623\u0643\u062b\u0631 \u0645\u0646 8 \u0644\u063a\u0627\u062a","breadcrumb":{"@id":"https:\/\/www.neolife.com.tr\/ar\/%d8%a7%d9%84%d8%af%d8%b9%d9%85-%d8%a7%d9%84%d9%84%d9%88%d8%ac%d8%b3%d8%aa%d9%8a\/#breadcrumb"},"inLanguage":"ar","potentialAction":[{"@type":"ReadAction","target":["https:\/\/www.neolife.com.tr\/ar\/%d8%a7%d9%84%d8%af%d8%b9%d9%85-%d8%a7%d9%84%d9%84%d9%88%d8%ac%d8%b3%d8%aa%d9%8a\/"]}]},{"@type":"BreadcrumbList","@id":"https:\/\/www.neolife.com.tr\/ar\/%d8%a7%d9%84%d8%af%d8%b9%d9%85-%d8%a7%d9%84%d9%84%d9%88%d8%ac%d8%b3%d8%aa%d9%8a\/#breadcrumb","itemListElement":[{"@type":"ListItem","position":1,"name":"Ana Sayfa","item":"https:\/\/www.neolife.com.tr\/ar\/"},{"@type":"ListItem","position":2,"name":"\u0627\u0644\u062f\u0639\u0645 \u0627\u0644\u0644\u0648\u062c\u0633\u062a\u064a"}]},{"@type":"WebSite","@id":"https:\/\/www.neolife.com.tr\/#website","url":"https:\/\/www.neolife.com.tr\/","name":"Neolife T\u0131p Merkezi","description":"T\u00fcrkiye&#039;de kanser tedavisi - kanser te\u015fhisi ve tedavisi","publisher":{"@id":"https:\/\/www.neolife.com.tr\/#organization"},"potentialAction":[{"@type":"SearchAction","target":{"@type":"EntryPoint","urlTemplate":"https:\/\/www.neolife.com.tr\/?s={search_term_string}"},"query-input":"required name=search_term_string"}],"inLanguage":"ar"},{"@type":"Organization","@id":"https:\/\/www.neolife.com.tr\/#organization","name":"Neolife T\u0131p Merkezi","url":"https:\/\/www.neolife.com.tr\/","logo":{"@type":"ImageObject","inLanguage":"ar","@id":"https:\/\/www.neolife.com.tr\/#\/schema\/logo\/image\/","url":"https:\/\/www.neolife.com.tr\/wp-content\/uploads\/2021\/06\/Neolife-Logo.png","contentUrl":"https:\/\/www.neolife.com.tr\/wp-content\/uploads\/2021\/06\/Neolife-Logo.png","width":348,"height":92,"caption":"Neolife T\u0131p Merkezi"},"image":{"@id":"https:\/\/www.neolife.com.tr\/#\/schema\/logo\/image\/"},"sameAs":["https:\/\/www.facebook.com\/NeoLifeIstanbul\/","https:\/\/x.com\/NeoLifeIstanbul","https:\/\/www.linkedin.com\/company\/neolife-oncology-center\/?originalSubdomain=tr"]}]}},"_links":{"self":[{"href":"https:\/\/www.neolife.com.tr\/ar\/wp-json\/wp\/v2\/pages\/2595","targetHints":{"allow":["GET"]}}],"collection":[{"href":"https:\/\/www.neolife.com.tr\/ar\/wp-json\/wp\/v2\/pages"}],"about":[{"href":"https:\/\/www.neolife.com.tr\/ar\/wp-json\/wp\/v2\/types\/page"}],"author":[{"embeddable":true,"href":"https:\/\/www.neolife.com.tr\/ar\/wp-json\/wp\/v2\/users\/3"}],"replies":[{"embeddable":true,"href":"https:\/\/www.neolife.com.tr\/ar\/wp-json\/wp\/v2\/comments?post=2595"}],"version-history":[{"count":4,"href":"https:\/\/www.neolife.com.tr\/ar\/wp-json\/wp\/v2\/pages\/2595\/revisions"}],"predecessor-version":[{"id":15405,"href":"https:\/\/www.neolife.com.tr\/ar\/wp-json\/wp\/v2\/pages\/2595\/revisions\/15405"}],"wp:attachment":[{"href":"https:\/\/www.neolife.com.tr\/ar\/wp-json\/wp\/v2\/media?parent=2595"}],"curies":[{"name":"wp","href":"https:\/\/api.w.org\/{rel}","templated":true}]}}