{"id":2571,"date":"2018-12-13T09:00:44","date_gmt":"2018-12-13T06:00:44","guid":{"rendered":"https:\/\/neolife.com.tr\/%d8%b9%d9%84%d9%85-%d8%a7%d9%84%d8%a3%d9%85%d8%b1%d8%a7%d8%b6\/"},"modified":"2023-04-25T02:30:46","modified_gmt":"2023-04-24T23:30:46","slug":"%d8%b9%d9%84%d9%85-%d8%a7%d9%84%d8%a3%d9%85%d8%b1%d8%a7%d8%b6","status":"publish","type":"page","link":"https:\/\/www.neolife.com.tr\/ar\/%d8%b9%d9%84%d9%85-%d8%a7%d9%84%d8%a3%d9%85%d8%b1%d8%a7%d8%b6\/","title":{"rendered":"\u0639\u0644\u0645 \u0627\u0644\u0623\u0645\u0631\u0627\u0636"},"content":{"rendered":"<p><img fetchpriority=\"high\" decoding=\"async\" src=\"https:\/\/neolife.com.tr\/wp-content\/uploads\/2016\/09\/patoloji-header.jpg\" width=\"1206\" height=\"416\" \/><br \/>\n&nbsp;<\/p>\n<p style=\"text-align: right;\">\u0639\u0644\u0645 \u0627\u0644\u0623\u0645\u0631\u0627\u0636: \u0647\u0648 \u0627\u0644\u062a\u062e\u0635\u0635 \u0627\u0644\u0637\u0628\u064a \u0627\u0644\u0630\u064a \u064a\u062d\u062f\u062f \u0633\u0628\u0628 \u0648\u0637\u0628\u064a\u0639\u0629 \u0627\u0644\u0627\u0645\u0631\u0627\u0636 \u0639\u0646 \u0637\u0631\u064a\u0642 \u0645\u0639\u0627\u064a\u0646\u0629 \u0648\u0641\u062d\u0635 \u0623\u0646\u0633\u062c\u0629 \u0627\u0644\u062c\u0633\u0645 (\u0627\u0644\u0645\u0623\u062e\u0648\u0630\u0629 \u0645\u0646 \u062e\u0644\u0627\u0644 \u0627\u0644\u062e\u064f\u0632\u0639 \u0648\u0627\u0644\u0645\u0633\u062d\u0627\u062a\u060c \u0639\u0644\u0649 \u0633\u0628\u064a\u0644 \u0627\u0644\u0645\u062b\u0627\u0644) \u0648\u0633\u0648\u0627\u0626\u0644 \u0627\u0644\u062c\u0633\u0645 (\u0645\u0646 \u0627\u0644\u0639\u064a\u0646\u0627\u062a \u0627\u0644\u062a\u064a \u062a\u062a\u0636\u0645\u0646 \u0627\u0644\u062f\u0645 \u0648\u0627\u0644\u0625\u062f\u0631\u0627\u0631). \u062a\u0633\u0627\u0639\u062f \u0646\u062a\u0627\u0626\u062c \u0641\u062d\u0648\u0635\u0627\u062a \u0639\u0644\u0645 \u0627\u0644\u0623\u0645\u0631\u0627\u0636 (\u0641\u062d\u0648\u0635\u0627\u062a \u0632\u0631\u0639 \u0627\u0644\u0639\u064a\u0646\u0627\u062a) \u0627\u0644\u0623\u0637\u0628\u0627\u0621 \u0641\u064a \u0639\u0644\u0627\u062c \u0627\u0644\u0645\u0631\u0636\u0649 \u0628\u0635\u0648\u0631\u0629 \u0635\u062d\u064a\u062d\u0629.<\/p>\n<p style=\"text-align: right;\">\u062a\u064f\u0639\u062a\u0628\u0631 \u0641\u062d\u0648\u0635\u0627\u062a \u0627\u0644\u0632\u0631\u0639 \u0639\u0646\u0635\u0631\u0627 \u0623\u0633\u0627\u0633\u064a\u0627 \u0641\u064a \u062a\u062d\u062f\u064a\u062f \u0646\u0648\u0639 \u0627\u0644\u0633\u0631\u0637\u0627\u0646 \u0648\u0627\u0644\u0639\u0644\u0627\u062c\u0627\u062a \u0627\u0644\u0645\u0646\u0627\u0633\u0628\u0629 \u0644\u0647. \u0648\u0644\u0647\u0630\u0627\u060c \u0641\u0625\u0646\u0651 \u0647\u0630\u0647 \u0627\u0644\u0641\u062d\u0648\u0635\u0627\u062a \u064a\u062c\u0628 \u0623\u0646 \u062a\u062a\u0645 \u0641\u064a \u0645\u062e\u062a\u0628\u0631\u0627\u062a \u0645\u062a\u0637\u0648\u0631\u0629 \u0648\u0639\u0644\u0649 \u0623\u064a\u062f\u064a \u0623\u0637\u0628\u0627\u0621 \u0645\u062a\u062e\u0635\u0635\u064a\u0646 \u0648\u0645\u062a\u0645\u0631\u0633\u064a\u0646.<\/p>\n<p>&nbsp;<\/p>\n","protected":false},"excerpt":{"rendered":"<p>&nbsp; \u0639\u0644\u0645 \u0627\u0644\u0623\u0645\u0631\u0627\u0636: \u0647\u0648 \u0627\u0644\u062a\u062e\u0635\u0635 \u0627\u0644\u0637\u0628\u064a \u0627\u0644\u0630\u064a \u064a\u062d\u062f\u062f \u0633\u0628\u0628 \u0648\u0637\u0628\u064a\u0639\u0629 \u0627\u0644\u0627\u0645\u0631\u0627\u0636 \u0639\u0646 \u0637\u0631\u064a\u0642 \u0645\u0639\u0627\u064a\u0646\u0629 \u0648\u0641\u062d\u0635 \u0623\u0646\u0633\u062c\u0629 \u0627\u0644\u062c\u0633\u0645 (\u0627\u0644\u0645\u0623\u062e\u0648\u0630\u0629 \u0645\u0646 \u062e\u0644\u0627\u0644 \u0627\u0644\u062e\u064f\u0632\u0639 \u0648\u0627\u0644\u0645\u0633\u062d\u0627\u062a\u060c \u0639\u0644\u0649 \u0633\u0628\u064a\u0644 \u0627\u0644\u0645\u062b\u0627\u0644) \u0648\u0633\u0648\u0627\u0626\u0644 \u0627\u0644\u062c\u0633\u0645 (\u0645\u0646 \u0627\u0644\u0639\u064a\u0646\u0627\u062a \u0627\u0644\u062a\u064a \u062a\u062a\u0636\u0645\u0646 \u0627\u0644\u062f\u0645 \u0648\u0627\u0644\u0625\u062f\u0631\u0627\u0631). \u062a\u0633\u0627\u0639\u062f \u0646\u062a\u0627\u0626\u062c \u0641\u062d\u0648\u0635\u0627\u062a \u0639\u0644\u0645 \u0627\u0644\u0623\u0645\u0631\u0627\u0636 (\u0641\u062d\u0648\u0635\u0627\u062a \u0632\u0631\u0639 \u0627\u0644\u0639\u064a\u0646\u0627\u062a) \u0627\u0644\u0623\u0637\u0628\u0627\u0621 \u0641\u064a \u0639\u0644\u0627\u062c \u0627\u0644\u0645\u0631\u0636\u0649 \u0628\u0635\u0648\u0631\u0629 \u0635\u062d\u064a\u062d\u0629. \u062a\u064f\u0639\u062a\u0628\u0631 \u0641\u062d\u0648\u0635\u0627\u062a \u0627\u0644\u0632\u0631\u0639 \u0639\u0646\u0635\u0631\u0627 \u0623\u0633\u0627\u0633\u064a\u0627 \u0641\u064a \u062a\u062d\u062f\u064a\u062f \u0646\u0648\u0639 [&hellip;]<\/p>\n","protected":false},"author":3,"featured_media":2572,"parent":0,"menu_order":0,"comment_status":"open","ping_status":"open","template":"","meta":{"footnotes":""},"class_list":["post-2571","page","type-page","status-publish","has-post-thumbnail","hentry"],"yoast_head":"<!-- This site is optimized with the Yoast SEO plugin v22.5 - https:\/\/yoast.com\/wordpress\/plugins\/seo\/ -->\n<title>\u0639\u0644\u0645 \u0627\u0644\u0623\u0645\u0631\u0627\u0636: \u0647\u0648 \u0627\u0644\u062a\u062e\u0635\u0635 \u0627\u0644\u0637\u0628\u064a \u0627\u0644\u0630\u064a \u064a\u062d\u062f\u062f \u0633\u0628\u0628 \u0648\u0637\u0628\u064a\u0639\u0629 \u0627\u0644\u0627\u0645\u0631\u0627\u0636 \u0639\u0646 \u0637\u0631\u064a\u0642 \u0641\u062d\u0635 \u0623\u0646\u0633\u062c\u0629 \u0627\u0644\u062c\u0633\u0645<\/title>\n<meta name=\"description\" content=\"\u062a\u0639\u062a\u0628\u0631 \u0641\u062d\u0648\u0635\u0627\u062a \u0627\u0644\u0632\u0631\u0639 \u0639\u0646\u0635\u0631\u0627 \u0623\u0633\u0627\u0633\u064a\u0627 \u0641\u064a \u062a\u062d\u062f\u064a\u062f \u0646\u0648\u0639 \u0627\u0644\u0633\u0631\u0637\u0627\u0646 \u0648\u0627\u0644\u0639\u0644\u0627\u062c\u0627\u062a \u0627\u0644\u0645\u0646\u0627\u0633\u0628\u0629 \u0644\u0647. \u0648\u0644\u0647\u0630\u0627\u060c \u0641\u0625\u0646\u0651 \u0647\u0630\u0647 \u0627\u0644\u0641\u062d\u0648\u0635\u0627\u062a \u064a\u062c\u0628 \u0623\u0646 \u062a\u062a\u0645 \u0628\u062f\u0642\u0629 \u0639\u0627\u0644\u064a\u0629\" \/>\n<meta name=\"robots\" content=\"index, follow, max-snippet:-1, max-image-preview:large, max-video-preview:-1\" \/>\n<link rel=\"canonical\" href=\"https:\/\/www.neolife.com.tr\/ar\/%d8%b9%d9%84%d9%85-%d8%a7%d9%84%d8%a3%d9%85%d8%b1%d8%a7%d8%b6\/\" \/>\n<meta name=\"twitter:label1\" content=\"\u0648\u0642\u062a \u0627\u0644\u0642\u0631\u0627\u0621\u0629 \u0627\u0644\u0645\u064f\u0642\u062f\u0651\u0631\" \/>\n\t<meta name=\"twitter:data1\" content=\"\u062f\u0642\u064a\u0642\u062a\u0627\u0646\" \/>\n<script type=\"application\/ld+json\" class=\"yoast-schema-graph\">{\"@context\":\"https:\/\/schema.org\",\"@graph\":[{\"@type\":\"WebPage\",\"@id\":\"https:\/\/www.neolife.com.tr\/ar\/%d8%b9%d9%84%d9%85-%d8%a7%d9%84%d8%a3%d9%85%d8%b1%d8%a7%d8%b6\/\",\"url\":\"https:\/\/www.neolife.com.tr\/ar\/%d8%b9%d9%84%d9%85-%d8%a7%d9%84%d8%a3%d9%85%d8%b1%d8%a7%d8%b6\/\",\"name\":\"\u0639\u0644\u0645 \u0627\u0644\u0623\u0645\u0631\u0627\u0636: \u0647\u0648 \u0627\u0644\u062a\u062e\u0635\u0635 \u0627\u0644\u0637\u0628\u064a \u0627\u0644\u0630\u064a \u064a\u062d\u062f\u062f \u0633\u0628\u0628 \u0648\u0637\u0628\u064a\u0639\u0629 \u0627\u0644\u0627\u0645\u0631\u0627\u0636 \u0639\u0646 \u0637\u0631\u064a\u0642 \u0641\u062d\u0635 \u0623\u0646\u0633\u062c\u0629 \u0627\u0644\u062c\u0633\u0645\",\"isPartOf\":{\"@id\":\"https:\/\/www.neolife.com.tr\/#website\"},\"primaryImageOfPage\":{\"@id\":\"https:\/\/www.neolife.com.tr\/ar\/%d8%b9%d9%84%d9%85-%d8%a7%d9%84%d8%a3%d9%85%d8%b1%d8%a7%d8%b6\/#primaryimage\"},\"image\":{\"@id\":\"https:\/\/www.neolife.com.tr\/ar\/%d8%b9%d9%84%d9%85-%d8%a7%d9%84%d8%a3%d9%85%d8%b1%d8%a7%d8%b6\/#primaryimage\"},\"thumbnailUrl\":\"https:\/\/www.neolife.com.tr\/wp-content\/uploads\/2016\/09\/patoloji-header.jpg\",\"datePublished\":\"2018-12-13T06:00:44+00:00\",\"dateModified\":\"2023-04-24T23:30:46+00:00\",\"description\":\"\u062a\u0639\u062a\u0628\u0631 \u0641\u062d\u0648\u0635\u0627\u062a \u0627\u0644\u0632\u0631\u0639 \u0639\u0646\u0635\u0631\u0627 \u0623\u0633\u0627\u0633\u064a\u0627 \u0641\u064a \u062a\u062d\u062f\u064a\u062f \u0646\u0648\u0639 \u0627\u0644\u0633\u0631\u0637\u0627\u0646 \u0648\u0627\u0644\u0639\u0644\u0627\u062c\u0627\u062a \u0627\u0644\u0645\u0646\u0627\u0633\u0628\u0629 \u0644\u0647. \u0648\u0644\u0647\u0630\u0627\u060c \u0641\u0625\u0646\u0651 \u0647\u0630\u0647 \u0627\u0644\u0641\u062d\u0648\u0635\u0627\u062a \u064a\u062c\u0628 \u0623\u0646 \u062a\u062a\u0645 \u0628\u062f\u0642\u0629 \u0639\u0627\u0644\u064a\u0629\",\"breadcrumb\":{\"@id\":\"https:\/\/www.neolife.com.tr\/ar\/%d8%b9%d9%84%d9%85-%d8%a7%d9%84%d8%a3%d9%85%d8%b1%d8%a7%d8%b6\/#breadcrumb\"},\"inLanguage\":\"ar\",\"potentialAction\":[{\"@type\":\"ReadAction\",\"target\":[\"https:\/\/www.neolife.com.tr\/ar\/%d8%b9%d9%84%d9%85-%d8%a7%d9%84%d8%a3%d9%85%d8%b1%d8%a7%d8%b6\/\"]}]},{\"@type\":\"ImageObject\",\"inLanguage\":\"ar\",\"@id\":\"https:\/\/www.neolife.com.tr\/ar\/%d8%b9%d9%84%d9%85-%d8%a7%d9%84%d8%a3%d9%85%d8%b1%d8%a7%d8%b6\/#primaryimage\",\"url\":\"https:\/\/www.neolife.com.tr\/wp-content\/uploads\/2016\/09\/patoloji-header.jpg\",\"contentUrl\":\"https:\/\/www.neolife.com.tr\/wp-content\/uploads\/2016\/09\/patoloji-header.jpg\",\"width\":1206,\"height\":416},{\"@type\":\"BreadcrumbList\",\"@id\":\"https:\/\/www.neolife.com.tr\/ar\/%d8%b9%d9%84%d9%85-%d8%a7%d9%84%d8%a3%d9%85%d8%b1%d8%a7%d8%b6\/#breadcrumb\",\"itemListElement\":[{\"@type\":\"ListItem\",\"position\":1,\"name\":\"Ana Sayfa\",\"item\":\"https:\/\/www.neolife.com.tr\/ar\/\"},{\"@type\":\"ListItem\",\"position\":2,\"name\":\"\u0639\u0644\u0645 \u0627\u0644\u0623\u0645\u0631\u0627\u0636\"}]},{\"@type\":\"WebSite\",\"@id\":\"https:\/\/www.neolife.com.tr\/#website\",\"url\":\"https:\/\/www.neolife.com.tr\/\",\"name\":\"Neolife T\u0131p Merkezi\",\"description\":\"T\u00fcrkiye&#039;de kanser tedavisi - kanser te\u015fhisi ve tedavisi\",\"publisher\":{\"@id\":\"https:\/\/www.neolife.com.tr\/#organization\"},\"potentialAction\":[{\"@type\":\"SearchAction\",\"target\":{\"@type\":\"EntryPoint\",\"urlTemplate\":\"https:\/\/www.neolife.com.tr\/?s={search_term_string}\"},\"query-input\":\"required name=search_term_string\"}],\"inLanguage\":\"ar\"},{\"@type\":\"Organization\",\"@id\":\"https:\/\/www.neolife.com.tr\/#organization\",\"name\":\"Neolife T\u0131p Merkezi\",\"url\":\"https:\/\/www.neolife.com.tr\/\",\"logo\":{\"@type\":\"ImageObject\",\"inLanguage\":\"ar\",\"@id\":\"https:\/\/www.neolife.com.tr\/#\/schema\/logo\/image\/\",\"url\":\"https:\/\/www.neolife.com.tr\/wp-content\/uploads\/2021\/06\/Neolife-Logo.png\",\"contentUrl\":\"https:\/\/www.neolife.com.tr\/wp-content\/uploads\/2021\/06\/Neolife-Logo.png\",\"width\":348,\"height\":92,\"caption\":\"Neolife T\u0131p Merkezi\"},\"image\":{\"@id\":\"https:\/\/www.neolife.com.tr\/#\/schema\/logo\/image\/\"},\"sameAs\":[\"https:\/\/www.facebook.com\/NeoLifeIstanbul\/\",\"https:\/\/x.com\/NeoLifeIstanbul\",\"https:\/\/www.linkedin.com\/company\/neolife-oncology-center\/?originalSubdomain=tr\"]}]}<\/script>\n<!-- \/ Yoast SEO plugin. -->","yoast_head_json":{"title":"\u0639\u0644\u0645 \u0627\u0644\u0623\u0645\u0631\u0627\u0636: \u0647\u0648 \u0627\u0644\u062a\u062e\u0635\u0635 \u0627\u0644\u0637\u0628\u064a \u0627\u0644\u0630\u064a \u064a\u062d\u062f\u062f \u0633\u0628\u0628 \u0648\u0637\u0628\u064a\u0639\u0629 \u0627\u0644\u0627\u0645\u0631\u0627\u0636 \u0639\u0646 \u0637\u0631\u064a\u0642 \u0641\u062d\u0635 \u0623\u0646\u0633\u062c\u0629 \u0627\u0644\u062c\u0633\u0645","description":"\u062a\u0639\u062a\u0628\u0631 \u0641\u062d\u0648\u0635\u0627\u062a \u0627\u0644\u0632\u0631\u0639 \u0639\u0646\u0635\u0631\u0627 \u0623\u0633\u0627\u0633\u064a\u0627 \u0641\u064a \u062a\u062d\u062f\u064a\u062f \u0646\u0648\u0639 \u0627\u0644\u0633\u0631\u0637\u0627\u0646 \u0648\u0627\u0644\u0639\u0644\u0627\u062c\u0627\u062a \u0627\u0644\u0645\u0646\u0627\u0633\u0628\u0629 \u0644\u0647. \u0648\u0644\u0647\u0630\u0627\u060c \u0641\u0625\u0646\u0651 \u0647\u0630\u0647 \u0627\u0644\u0641\u062d\u0648\u0635\u0627\u062a \u064a\u062c\u0628 \u0623\u0646 \u062a\u062a\u0645 \u0628\u062f\u0642\u0629 \u0639\u0627\u0644\u064a\u0629","robots":{"index":"index","follow":"follow","max-snippet":"max-snippet:-1","max-image-preview":"max-image-preview:large","max-video-preview":"max-video-preview:-1"},"canonical":"https:\/\/www.neolife.com.tr\/ar\/%d8%b9%d9%84%d9%85-%d8%a7%d9%84%d8%a3%d9%85%d8%b1%d8%a7%d8%b6\/","twitter_misc":{"\u0648\u0642\u062a \u0627\u0644\u0642\u0631\u0627\u0621\u0629 \u0627\u0644\u0645\u064f\u0642\u062f\u0651\u0631":"\u062f\u0642\u064a\u0642\u062a\u0627\u0646"},"schema":{"@context":"https:\/\/schema.org","@graph":[{"@type":"WebPage","@id":"https:\/\/www.neolife.com.tr\/ar\/%d8%b9%d9%84%d9%85-%d8%a7%d9%84%d8%a3%d9%85%d8%b1%d8%a7%d8%b6\/","url":"https:\/\/www.neolife.com.tr\/ar\/%d8%b9%d9%84%d9%85-%d8%a7%d9%84%d8%a3%d9%85%d8%b1%d8%a7%d8%b6\/","name":"\u0639\u0644\u0645 \u0627\u0644\u0623\u0645\u0631\u0627\u0636: \u0647\u0648 \u0627\u0644\u062a\u062e\u0635\u0635 \u0627\u0644\u0637\u0628\u064a \u0627\u0644\u0630\u064a \u064a\u062d\u062f\u062f \u0633\u0628\u0628 \u0648\u0637\u0628\u064a\u0639\u0629 \u0627\u0644\u0627\u0645\u0631\u0627\u0636 \u0639\u0646 \u0637\u0631\u064a\u0642 \u0641\u062d\u0635 \u0623\u0646\u0633\u062c\u0629 \u0627\u0644\u062c\u0633\u0645","isPartOf":{"@id":"https:\/\/www.neolife.com.tr\/#website"},"primaryImageOfPage":{"@id":"https:\/\/www.neolife.com.tr\/ar\/%d8%b9%d9%84%d9%85-%d8%a7%d9%84%d8%a3%d9%85%d8%b1%d8%a7%d8%b6\/#primaryimage"},"image":{"@id":"https:\/\/www.neolife.com.tr\/ar\/%d8%b9%d9%84%d9%85-%d8%a7%d9%84%d8%a3%d9%85%d8%b1%d8%a7%d8%b6\/#primaryimage"},"thumbnailUrl":"https:\/\/www.neolife.com.tr\/wp-content\/uploads\/2016\/09\/patoloji-header.jpg","datePublished":"2018-12-13T06:00:44+00:00","dateModified":"2023-04-24T23:30:46+00:00","description":"\u062a\u0639\u062a\u0628\u0631 \u0641\u062d\u0648\u0635\u0627\u062a \u0627\u0644\u0632\u0631\u0639 \u0639\u0646\u0635\u0631\u0627 \u0623\u0633\u0627\u0633\u064a\u0627 \u0641\u064a \u062a\u062d\u062f\u064a\u062f \u0646\u0648\u0639 \u0627\u0644\u0633\u0631\u0637\u0627\u0646 \u0648\u0627\u0644\u0639\u0644\u0627\u062c\u0627\u062a \u0627\u0644\u0645\u0646\u0627\u0633\u0628\u0629 \u0644\u0647. \u0648\u0644\u0647\u0630\u0627\u060c \u0641\u0625\u0646\u0651 \u0647\u0630\u0647 \u0627\u0644\u0641\u062d\u0648\u0635\u0627\u062a \u064a\u062c\u0628 \u0623\u0646 \u062a\u062a\u0645 \u0628\u062f\u0642\u0629 \u0639\u0627\u0644\u064a\u0629","breadcrumb":{"@id":"https:\/\/www.neolife.com.tr\/ar\/%d8%b9%d9%84%d9%85-%d8%a7%d9%84%d8%a3%d9%85%d8%b1%d8%a7%d8%b6\/#breadcrumb"},"inLanguage":"ar","potentialAction":[{"@type":"ReadAction","target":["https:\/\/www.neolife.com.tr\/ar\/%d8%b9%d9%84%d9%85-%d8%a7%d9%84%d8%a3%d9%85%d8%b1%d8%a7%d8%b6\/"]}]},{"@type":"ImageObject","inLanguage":"ar","@id":"https:\/\/www.neolife.com.tr\/ar\/%d8%b9%d9%84%d9%85-%d8%a7%d9%84%d8%a3%d9%85%d8%b1%d8%a7%d8%b6\/#primaryimage","url":"https:\/\/www.neolife.com.tr\/wp-content\/uploads\/2016\/09\/patoloji-header.jpg","contentUrl":"https:\/\/www.neolife.com.tr\/wp-content\/uploads\/2016\/09\/patoloji-header.jpg","width":1206,"height":416},{"@type":"BreadcrumbList","@id":"https:\/\/www.neolife.com.tr\/ar\/%d8%b9%d9%84%d9%85-%d8%a7%d9%84%d8%a3%d9%85%d8%b1%d8%a7%d8%b6\/#breadcrumb","itemListElement":[{"@type":"ListItem","position":1,"name":"Ana Sayfa","item":"https:\/\/www.neolife.com.tr\/ar\/"},{"@type":"ListItem","position":2,"name":"\u0639\u0644\u0645 \u0627\u0644\u0623\u0645\u0631\u0627\u0636"}]},{"@type":"WebSite","@id":"https:\/\/www.neolife.com.tr\/#website","url":"https:\/\/www.neolife.com.tr\/","name":"Neolife T\u0131p Merkezi","description":"T\u00fcrkiye&#039;de kanser tedavisi - kanser te\u015fhisi ve tedavisi","publisher":{"@id":"https:\/\/www.neolife.com.tr\/#organization"},"potentialAction":[{"@type":"SearchAction","target":{"@type":"EntryPoint","urlTemplate":"https:\/\/www.neolife.com.tr\/?s={search_term_string}"},"query-input":"required name=search_term_string"}],"inLanguage":"ar"},{"@type":"Organization","@id":"https:\/\/www.neolife.com.tr\/#organization","name":"Neolife T\u0131p Merkezi","url":"https:\/\/www.neolife.com.tr\/","logo":{"@type":"ImageObject","inLanguage":"ar","@id":"https:\/\/www.neolife.com.tr\/#\/schema\/logo\/image\/","url":"https:\/\/www.neolife.com.tr\/wp-content\/uploads\/2021\/06\/Neolife-Logo.png","contentUrl":"https:\/\/www.neolife.com.tr\/wp-content\/uploads\/2021\/06\/Neolife-Logo.png","width":348,"height":92,"caption":"Neolife T\u0131p Merkezi"},"image":{"@id":"https:\/\/www.neolife.com.tr\/#\/schema\/logo\/image\/"},"sameAs":["https:\/\/www.facebook.com\/NeoLifeIstanbul\/","https:\/\/x.com\/NeoLifeIstanbul","https:\/\/www.linkedin.com\/company\/neolife-oncology-center\/?originalSubdomain=tr"]}]}},"_links":{"self":[{"href":"https:\/\/www.neolife.com.tr\/ar\/wp-json\/wp\/v2\/pages\/2571","targetHints":{"allow":["GET"]}}],"collection":[{"href":"https:\/\/www.neolife.com.tr\/ar\/wp-json\/wp\/v2\/pages"}],"about":[{"href":"https:\/\/www.neolife.com.tr\/ar\/wp-json\/wp\/v2\/types\/page"}],"author":[{"embeddable":true,"href":"https:\/\/www.neolife.com.tr\/ar\/wp-json\/wp\/v2\/users\/3"}],"replies":[{"embeddable":true,"href":"https:\/\/www.neolife.com.tr\/ar\/wp-json\/wp\/v2\/comments?post=2571"}],"version-history":[{"count":4,"href":"https:\/\/www.neolife.com.tr\/ar\/wp-json\/wp\/v2\/pages\/2571\/revisions"}],"predecessor-version":[{"id":15219,"href":"https:\/\/www.neolife.com.tr\/ar\/wp-json\/wp\/v2\/pages\/2571\/revisions\/15219"}],"wp:featuredmedia":[{"embeddable":true,"href":"https:\/\/www.neolife.com.tr\/ar\/wp-json\/wp\/v2\/media\/2572"}],"wp:attachment":[{"href":"https:\/\/www.neolife.com.tr\/ar\/wp-json\/wp\/v2\/media?parent=2571"}],"curies":[{"name":"wp","href":"https:\/\/api.w.org\/{rel}","templated":true}]}}